{"id":9,"date":"2026-01-05T19:12:26","date_gmt":"2026-01-05T19:12:26","guid":{"rendered":"https:\/\/blind.private-factory.de\/?page_id=9"},"modified":"2026-02-07T18:33:10","modified_gmt":"2026-02-07T18:33:10","slug":"home","status":"publish","type":"page","link":"https:\/\/blind.private-factory.de\/","title":{"rendered":"Home"},"content":{"rendered":"\n<div class=\"wp-block-group alignfull is-style-default is-layout-flow wp-block-group-is-layout-flow\" style=\"font-size:clamp(20px, 1.25rem + ((1vw - 3.2px) * 1.176), 32px);\">\n<div class=\"wp-block-group is-style-default has-small-font-size has-global-padding is-layout-constrained wp-block-group-is-layout-constrained\"><\/div>\n<\/div>\n\n\n\n<div class=\"wp-block-columns alignwide is-style-default is-layout-flex wp-container-core-columns-is-layout-520d5d3d wp-block-columns-is-layout-flex\" style=\"margin-top:0;margin-bottom:0;padding-right:0;padding-left:0\">\n<div class=\"wp-block-column has-accent-2-background-color has-background is-layout-flow wp-block-column-is-layout-flow\" style=\"padding-top:var(--wp--preset--spacing--30);padding-right:var(--wp--preset--spacing--30);padding-bottom:var(--wp--preset--spacing--30);padding-left:var(--wp--preset--spacing--30)\">\n<h2 class=\"wp-block-heading\">Aktuelles<\/h2>\n\n\n\n<div style=\"height:20px\" aria-hidden=\"true\" class=\"wp-block-spacer\"><\/div>\n\n\n<ul style=\"padding-top:0;padding-bottom:0;padding-left:0;padding-right:0;\" class=\"wp-block-latest-posts__list wp-block-latest-posts has-background has-accent-2-background-color\"><li><a class=\"wp-block-latest-posts__post-title\" href=\"https:\/\/blind.private-factory.de\/index.php\/2025\/12\/12\/hello-world\/\">Sommerfest 2024<\/a><div class=\"wp-block-latest-posts__post-full-content\"><!-- wp:list -->\n<ul class=\"wp-block-list\"><!-- wp:list-item -->\n<li>40 Jahre Verein zur F\u00f6rderung sehgesch\u00e4digter Kinder und Jugendlicher e. V.<\/li>\n<!-- \/wp:list-item -->\n\n<!-- wp:list-item -->\n<li>40 Jahre Landesf\u00f6rderzentrum Sehen, Schleswig<\/li>\n<!-- \/wp:list-item -->\n\n<!-- wp:list-item -->\n<li>10 Jahre Kurshaus<\/li>\n<!-- \/wp:list-item --><\/ul>\n<!-- \/wp:list -->\n\n<!-- wp:paragraph -->\n<p><\/p>\n<!-- \/wp:paragraph -->\n\n<!-- wp:paragraph -->\n<p>Unsere Jubil\u00e4en feiern wir gemeinsam am Samstag, den 06.07.2024 von 10:00 bis 16:00 Uhr,<\/p>\n<!-- \/wp:paragraph --><\/div><\/li>\n<\/ul><\/div>\n\n\n\n<div class=\"wp-block-column has-accent-2-background-color has-background is-layout-flow wp-block-column-is-layout-flow\" style=\"padding-top:var(--wp--preset--spacing--30);padding-right:var(--wp--preset--spacing--30);padding-bottom:var(--wp--preset--spacing--30);padding-left:var(--wp--preset--spacing--30)\">\n<h2 class=\"wp-block-heading\">Willkommen!<\/h2>\n\n\n\n<div style=\"height:20px\" aria-hidden=\"true\" class=\"wp-block-spacer\"><\/div>\n\n\n\n<p><strong>Der\u00a0Verein zur F\u00f6rderung sehgesch\u00e4digter Kinder und Jugendlicher in Schleswig-Holstein e. V.\u00a0setzt sich seit 1983 f\u00fcr die Bildung, F\u00f6rderung und soziale Teilhabe von Kindern und Jugendlichen mit Sehbehinderung oder Blindheit ein. In enger Zusammenarbeit mit dem Landesf\u00f6rderzentrum Sehen (LFS) unterst\u00fctzt der Verein Ma\u00dfnahmen, die die selbstst\u00e4ndige Lebensf\u00fchrung sowie die pers\u00f6nliche, schulische und berufliche Entwicklung der jungen Menschen st\u00e4rken.<\/strong><\/p>\n\n\n\n<div style=\"height:26px\" aria-hidden=\"true\" class=\"wp-block-spacer\"><\/div>\n\n\n\n<p><strong>Der Verein f\u00f6rdert individuelle und gemeinschaftliche Projekte, unterst\u00fctzt Familien, erm\u00f6glicht Selbsthilfeangebote und hilft dort, wo \u00f6ffentliche Mittel nicht ausreichen \u2013 etwa bei Hilfsmitteln, Kursangeboten oder besonderen F\u00f6rderma\u00dfnahmen. Ziel ist es, sehgesch\u00e4digten Kindern und Jugendlichen bestm\u00f6gliche Chancen auf ein selbstbestimmtes Leben und eine gleichberechtigte Teilhabe an Gesellschaft, Schule und Beruf zu er\u00f6ffnen.<\/strong><\/p>\n<\/div>\n<\/div>\n\n\n\n<p><\/p>\n","protected":false},"excerpt":{"rendered":"<p>Aktuelles Willkommen! Der\u00a0Verein zur F\u00f6rderung sehgesch\u00e4digter Kinder und Jugendlicher in Schleswig-Holstein e. V.\u00a0setzt sich seit 1983 f\u00fcr die Bildung, F\u00f6rderung und soziale Teilhabe von Kindern und Jugendlichen mit Sehbehinderung oder Blindheit ein. In enger Zusammenarbeit mit dem Landesf\u00f6rderzentrum Sehen (LFS) unterst\u00fctzt der Verein Ma\u00dfnahmen, die die selbstst\u00e4ndige Lebensf\u00fchrung sowie die pers\u00f6nliche, schulische und berufliche Entwicklung [&hellip;]<\/p>\n","protected":false},"author":1,"featured_media":0,"parent":0,"menu_order":0,"comment_status":"closed","ping_status":"closed","template":"","meta":{"footnotes":""},"class_list":["post-9","page","type-page","status-publish","hentry"],"_links":{"self":[{"href":"https:\/\/blind.private-factory.de\/index.php\/wp-json\/wp\/v2\/pages\/9","targetHints":{"allow":["GET"]}}],"collection":[{"href":"https:\/\/blind.private-factory.de\/index.php\/wp-json\/wp\/v2\/pages"}],"about":[{"href":"https:\/\/blind.private-factory.de\/index.php\/wp-json\/wp\/v2\/types\/page"}],"author":[{"embeddable":true,"href":"https:\/\/blind.private-factory.de\/index.php\/wp-json\/wp\/v2\/users\/1"}],"replies":[{"embeddable":true,"href":"https:\/\/blind.private-factory.de\/index.php\/wp-json\/wp\/v2\/comments?post=9"}],"version-history":[{"count":15,"href":"https:\/\/blind.private-factory.de\/index.php\/wp-json\/wp\/v2\/pages\/9\/revisions"}],"predecessor-version":[{"id":156,"href":"https:\/\/blind.private-factory.de\/index.php\/wp-json\/wp\/v2\/pages\/9\/revisions\/156"}],"wp:attachment":[{"href":"https:\/\/blind.private-factory.de\/index.php\/wp-json\/wp\/v2\/media?parent=9"}],"curies":[{"name":"wp","href":"https:\/\/api.w.org\/{rel}","templated":true}]}}