{"id":62,"date":"2026-01-20T19:06:26","date_gmt":"2026-01-20T19:06:26","guid":{"rendered":"https:\/\/blind.private-factory.de\/?page_id=62"},"modified":"2026-01-22T09:22:26","modified_gmt":"2026-01-22T09:22:26","slug":"spenden","status":"publish","type":"page","link":"https:\/\/blind.private-factory.de\/index.php\/spenden\/","title":{"rendered":"Spenden"},"content":{"rendered":"<h2 class=\"wp-block-post-title\">Spenden<\/h2>\n\n\n<div style=\"height:47px\" aria-hidden=\"true\" class=\"wp-block-spacer\"><\/div>\n\n\n\n<p>Wir freuen uns \u00fcber jede Unterst\u00fctzung, die dem Verein hilft,<br>Kinder und Jugendliche mit Sehbehinderung oder Blindheit zu f\u00f6rdern.<\/p>\n\n\n\n<p><strong>IBAN:<br><\/strong>DE28 2105 0170 0090 0385 48<\/p>\n\n\n\n<p><strong>BIC-\/SWIFT-Code:<\/strong><br>NOLADE21KIE<\/p>\n\n\n\n<p>Selbstverst\u00e4ndlich stellen wir auf Ihren Wunsch auch<br>eine Spendenbescheinigung \u00fcber Ihren Beitrag aus.<\/p>\n","protected":false},"excerpt":{"rendered":"<p>Wir freuen uns \u00fcber jede Unterst\u00fctzung, die dem Verein hilft,Kinder und Jugendliche mit Sehbehinderung oder Blindheit zu f\u00f6rdern. IBAN:DE28 2105 0170 0090 0385 48 BIC-\/SWIFT-Code:NOLADE21KIE Selbstverst\u00e4ndlich stellen wir auf Ihren Wunsch aucheine Spendenbescheinigung \u00fcber Ihren Beitrag aus.<\/p>\n","protected":false},"author":1,"featured_media":0,"parent":0,"menu_order":0,"comment_status":"closed","ping_status":"closed","template":"","meta":{"footnotes":""},"class_list":["post-62","page","type-page","status-publish","hentry"],"_links":{"self":[{"href":"https:\/\/blind.private-factory.de\/index.php\/wp-json\/wp\/v2\/pages\/62","targetHints":{"allow":["GET"]}}],"collection":[{"href":"https:\/\/blind.private-factory.de\/index.php\/wp-json\/wp\/v2\/pages"}],"about":[{"href":"https:\/\/blind.private-factory.de\/index.php\/wp-json\/wp\/v2\/types\/page"}],"author":[{"embeddable":true,"href":"https:\/\/blind.private-factory.de\/index.php\/wp-json\/wp\/v2\/users\/1"}],"replies":[{"embeddable":true,"href":"https:\/\/blind.private-factory.de\/index.php\/wp-json\/wp\/v2\/comments?post=62"}],"version-history":[{"count":3,"href":"https:\/\/blind.private-factory.de\/index.php\/wp-json\/wp\/v2\/pages\/62\/revisions"}],"predecessor-version":[{"id":186,"href":"https:\/\/blind.private-factory.de\/index.php\/wp-json\/wp\/v2\/pages\/62\/revisions\/186"}],"wp:attachment":[{"href":"https:\/\/blind.private-factory.de\/index.php\/wp-json\/wp\/v2\/media?parent=62"}],"curies":[{"name":"wp","href":"https:\/\/api.w.org\/{rel}","templated":true}]}}