{"id":58,"date":"2026-01-20T19:05:15","date_gmt":"2026-01-20T19:05:15","guid":{"rendered":"https:\/\/blind.private-factory.de\/?page_id=58"},"modified":"2026-04-07T09:17:48","modified_gmt":"2026-04-07T09:17:48","slug":"beitritt","status":"publish","type":"page","link":"https:\/\/blind.private-factory.de\/index.php\/beitritt\/","title":{"rendered":"Beitritt"},"content":{"rendered":"<h2 class=\"wp-block-post-title\">Beitritt<\/h2>\n\n\n<div style=\"height:47px\" aria-hidden=\"true\" class=\"wp-block-spacer\"><\/div>\n\n\n\n<p>Bitte beachten Sie, dass zur Teilnahme am Lastschriftverfahren die eigenh\u00e4ndige Unterschrift des Kontoinhabers notwendig ist. Deshalb bitten wir Sie, das Formular nach dem Ausf\u00fcllen unterschrieben an den Verein bzw. das Landesf\u00f6rderzentrum Sehen zu senden.<\/p>\n\n\n\n<p><\/p>\n\n\n\n<div data-wp-interactive=\"core\/file\" class=\"wp-block-file\"><object data-wp-bind--hidden=\"!state.hasPdfPreview\" hidden class=\"wp-block-file__embed\" data=\"https:\/\/blind.private-factory.de\/wp-content\/uploads\/2026\/01\/beitrittserklaerung-online.pdf\" type=\"application\/pdf\" style=\"width:100%;height:800px\" aria-label=\"Einbettung von Beitrittserkl\u00e4rung.\"><\/object><a id=\"wp-block-file--media-3fa1586b-6705-4710-9824-c98839ac935d\" href=\"https:\/\/blind.private-factory.de\/wp-content\/uploads\/2026\/01\/beitrittserklaerung-online.pdf\" target=\"_blank\" rel=\"noreferrer noopener\">Beitrittserkl\u00e4rung<\/a><a href=\"https:\/\/blind.private-factory.de\/wp-content\/uploads\/2026\/01\/beitrittserklaerung-online.pdf\" class=\"wp-block-file__button wp-element-button\" download aria-describedby=\"wp-block-file--media-3fa1586b-6705-4710-9824-c98839ac935d\">Herunterladen<\/a><\/div>\n","protected":false},"excerpt":{"rendered":"<p>Bitte beachten Sie, dass zur Teilnahme am Lastschriftverfahren die eigenh\u00e4ndige Unterschrift des Kontoinhabers notwendig ist. Deshalb bitten wir Sie, das Formular nach dem Ausf\u00fcllen unterschrieben an den Verein bzw. das Landesf\u00f6rderzentrum Sehen zu senden.<\/p>\n","protected":false},"author":1,"featured_media":0,"parent":0,"menu_order":0,"comment_status":"closed","ping_status":"closed","template":"","meta":{"footnotes":""},"class_list":["post-58","page","type-page","status-publish","hentry"],"_links":{"self":[{"href":"https:\/\/blind.private-factory.de\/index.php\/wp-json\/wp\/v2\/pages\/58","targetHints":{"allow":["GET"]}}],"collection":[{"href":"https:\/\/blind.private-factory.de\/index.php\/wp-json\/wp\/v2\/pages"}],"about":[{"href":"https:\/\/blind.private-factory.de\/index.php\/wp-json\/wp\/v2\/types\/page"}],"author":[{"embeddable":true,"href":"https:\/\/blind.private-factory.de\/index.php\/wp-json\/wp\/v2\/users\/1"}],"replies":[{"embeddable":true,"href":"https:\/\/blind.private-factory.de\/index.php\/wp-json\/wp\/v2\/comments?post=58"}],"version-history":[{"count":9,"href":"https:\/\/blind.private-factory.de\/index.php\/wp-json\/wp\/v2\/pages\/58\/revisions"}],"predecessor-version":[{"id":240,"href":"https:\/\/blind.private-factory.de\/index.php\/wp-json\/wp\/v2\/pages\/58\/revisions\/240"}],"wp:attachment":[{"href":"https:\/\/blind.private-factory.de\/index.php\/wp-json\/wp\/v2\/media?parent=58"}],"curies":[{"name":"wp","href":"https:\/\/api.w.org\/{rel}","templated":true}]}}