{"id":56,"date":"2026-01-20T19:04:02","date_gmt":"2026-01-20T19:04:02","guid":{"rendered":"https:\/\/blind.private-factory.de\/?page_id=56"},"modified":"2026-01-21T19:38:05","modified_gmt":"2026-01-21T19:38:05","slug":"satzung","status":"publish","type":"page","link":"https:\/\/blind.private-factory.de\/index.php\/satzung\/","title":{"rendered":"Satzung"},"content":{"rendered":"<h2 class=\"wp-block-post-title\">Satzung<\/h2>\n\n\n<div style=\"height:47px\" aria-hidden=\"true\" class=\"wp-block-spacer\"><\/div>\n\n\n\n<ul class=\"wp-block-list\">\n<li>\u00a7 1 \u2013 Name, Sitz und Gesch\u00e4ftsjahr<\/li>\n\n\n\n<li>\u00a7 2 \u2013 Zweck und Aufgaben<\/li>\n\n\n\n<li>\u00a7 3 \u2013 Mittel<\/li>\n\n\n\n<li>\u00a7 4 \u2013 Mitgliedschaft<\/li>\n\n\n\n<li>\u00a7 5 \u2013 Organe des Vereins<\/li>\n\n\n\n<li>\u00a7 6 \u2013 Mitgliederversammlung<\/li>\n\n\n\n<li>\u00a7 7 \u2013 Vorstand<\/li>\n\n\n\n<li>\u00a7 8 \u2013 Revisoren\/Revisorinnen<\/li>\n\n\n\n<li>\u00a7 9 \u2013 Aufl\u00f6sung<\/li>\n\n\n\n<li>\u00a7 10 \u2013 Inkrafttreten<\/li>\n<\/ul>\n\n\n\n<p><\/p>\n\n\n\n<p><\/p>\n\n\n\n<p><strong>Anmerkung:&nbsp;<\/strong>Der Name \u201eStaatliche Schule f\u00fcr Sehgesch\u00e4digte\u201c (SFS) hat sich in \u201eLandesf\u00f6rderzentrum Sehen, Schleswig\u201c (LFS) ge\u00e4ndert.<\/p>\n\n\n\n<h3 class=\"wp-block-heading\"><a><\/a>\u00a7 1 \u2013 Name, Sitz und Gesch\u00e4ftsjahr<\/h3>\n\n\n\n<ol class=\"wp-block-list\">\n<li>Der Verein f\u00fchrt den Namen \u201eVerein zur F\u00f6rderung sehgesch\u00e4digter Kinder und Jugendlicher in Schleswig-Holstein e. V.\u201c.<\/li>\n\n\n\n<li>Sein Sitz ist Schleswig. Er ist in das Vereinsregister des Amtsgerichts Schleswig eingetragen.<\/li>\n\n\n\n<li>Das Gesch\u00e4ftsjahr ist das Kalenderjahr.<\/li>\n<\/ol>\n\n\n\n<h3 class=\"wp-block-heading\"><a><\/a>\u00a7 2 \u2013 Zweck und Aufgaben<\/h3>\n\n\n\n<ol class=\"wp-block-list\">\n<li>Der Verein will das Interesse an Bildung und sozialer Eingliederung der sehbehinderten und blinden Kinder und Jugendlichen in Schleswig-Holstein f\u00f6rdern sowie schulische und soziale Ma\u00dfnahmen unterst\u00fctzen, die diesem Ziel dienen.<\/li>\n\n\n\n<li>Er verfolgt ausschlie\u00dflich und unmittelbar gemeinn\u00fctzige Zwecke im Sinne des Abschnittes \u201eSteuerbeg\u00fcnstigte Zwecke\u201c der Abgabenordnung von 1977 in der jeweils g\u00fcltigen Fassung. Der Verein ist selbstlos t\u00e4tig; er verfolgt nicht in erster Linie eigenwirtschaftliche Zwecke.<\/li>\n\n\n\n<li>Der Satzungszweck wird verwirklicht durch die Unterst\u00fctzung und Durchf\u00fchrung von Gruppen- und Einzelma\u00dfnahmen, die der physischen, psychischen und kognitiven F\u00f6rderung sehbehinderter und blinder Kinder und Jugendlicher dienen, soweit die Kosten nicht von anderen Tr\u00e4gern \u00fcbernommen werden.<\/li>\n\n\n\n<li>Der Satzungszweck wird u.a. durch Ma\u00dfnahmen erf\u00fcllt, die folgende Ziele verfolgen:\n<ul class=\"wp-block-list\">\n<li>Integration sehbehinderter und blinder Kinder und Jugendlicher in die Gesellschaft<\/li>\n\n\n\n<li>F\u00f6rderung der Selbst\u00e4ndigkeit der Lebensf\u00fchrung des Sehgesch\u00e4digten<\/li>\n\n\n\n<li>Unterst\u00fctzung von Ma\u00dfnahmen der Staatlichen Schule f\u00fcr Sehgesch\u00e4digte<\/li>\n\n\n\n<li>Unterst\u00fctzung und Organisation von Selbsthilfegruppen von Kinder und Jugendlicher mit Sehsch\u00e4digung<\/li>\n\n\n\n<li>Einrichtung und Unterst\u00fctzung von Selbsthilfegruppen von Eltern Sehgesch\u00e4digter<\/li>\n\n\n\n<li>Aufkl\u00e4rung der \u00d6ffentlichkeit \u00fcber Probleme sehgesch\u00e4digter Kinder und Jugendlicher<\/li>\n<\/ul>\n<\/li>\n<\/ol>\n\n\n\n<h3 class=\"wp-block-heading\"><a><\/a>\u00a7 3 \u2013 Mittel<\/h3>\n\n\n\n<ol class=\"wp-block-list\">\n<li>Die zur Erreichung seiner Zwecke ben\u00f6tigten Mittel beschafft der Verein durchrn\n<ul class=\"wp-block-list\">\n<li>Mitgliederbeitr\u00e4ge<\/li>\n\n\n\n<li>Erl\u00f6se aus Veranstaltungen<\/li>\n\n\n\n<li>Spenden und Stiftungen jeglicher Art<\/li>\n<\/ul>\n<\/li>\n\n\n\n<li>Etwaige Gewinne und sonstige Mittel des Vereins d\u00fcrfen nur f\u00fcr die satzungsgem\u00e4\u00dfen Zwecke verwendet werden. Die Mitglieder erhalten keine Gewinnanteile und in ihrer Eigenschaft als Mitglieder auch keine sonstigen Zuwendungen aus den Mitteln des Vereins.<\/li>\n\n\n\n<li>Es darf keine Person durch Ausgaben, die den Zwecken des Vereins fremd sind, oder durch unverh\u00e4ltnism\u00e4\u00dfige hohe Verg\u00fctungen beg\u00fcnstigt werden.<\/li>\n<\/ol>\n\n\n\n<h3 class=\"wp-block-heading\"><a><\/a>\u00a7 4 \u2013 Mitgliedschaft<\/h3>\n\n\n\n<ol class=\"wp-block-list\">\n<li>Mitglieder des Vereins k\u00f6nnen auf Antrag Einzelpersonen, Vereine, Verb\u00e4nde und sonstige juristische Personen werden. \u00dcber die Aufnahme entscheidet der Vorstand.<\/li>\n\n\n\n<li>Die Mitgliedschaft erlischt\n<ul class=\"wp-block-list\">\n<li>durch Tod bzw. Aufl\u00f6sung der entsprechenden juristischen Person<\/li>\n\n\n\n<li>durch Austritt, der nur schriftlich dem Vorstand erkl\u00e4rt werden kann und zum Ende des laufenden Gesch\u00e4ftsjahres g\u00fcltig wird, wenn er sp\u00e4testens zum 30.9. des laufenden Gesch\u00e4ftsjahres dem Vorstand vorliegt.<\/li>\n\n\n\n<li>durch f\u00f6rmliche Ausschlie\u00dfung, die nur durch Beschluss der Mitgliederversammlung erfolgen kann<\/li>\n\n\n\n<li>durch Ausschlie\u00dfung mangels Interesse, die durch Beschluss des Vorstandes ausgesprochen werden kann, wenn ohne Grund f\u00fcr mindestens zwei Jahre die Beitr\u00e4ge nicht entrichtet worden sind.<\/li>\n<\/ul>\n<\/li>\n\n\n\n<li>Bei seinem Ausscheiden aus dem Verein hat das Mitglied keinen Anspruch bez\u00fcglich der R\u00fcckzahlung von Beitr\u00e4gen und bez\u00fcglich des Vereinsverm\u00f6gens.<\/li>\n\n\n\n<li>Personen, die sich besonders um den Verein verdient gemacht haben, k\u00f6nnen auf Vorschlag des Vorstandes durch Beschluss der Mitgliederversammlung zu Ehrenmitgliedern ernannt werden. Ehrenmitglieder sind beitragsfrei.<\/li>\n<\/ol>\n\n\n\n<h3 class=\"wp-block-heading\"><a><\/a>\u00a7 5 \u2013 Organe des Vereins<\/h3>\n\n\n\n<p>Organe des Vereins sind die Mitgliederversammlung und der Vorstand.<\/p>\n\n\n\n<h3 class=\"wp-block-heading\"><a><\/a>\u00a7 6 \u2013 Mitgliederversammlung<\/h3>\n\n\n\n<ol class=\"wp-block-list\">\n<li>Die Mitgliederversammlung ist das oberste Organ des Vereins. Zur Teilnahme sind alle Mitglieder berechtigt.<\/li>\n\n\n\n<li>Die Mitgliederversammlung ist bei Bedarf, mindestens jedoch einmal im Gesch\u00e4ftsjahr auf Beschluss des Vorstandes einzuberufen. Sie ist au\u00dferdem auf einen bestimmten Antrag von wenigstens einem Zehntel der Mitglieder einzuberufen oder wenn es das Vereinsinteresse erfordert. Einzuberufen ist durch schriftliche Einladung. Die Einladung zur Mitgliederversammlung erfolgt durch den Vorstand schriftlich mindestens zwei Wochen vorher und enth\u00e4lt die Tagesordnung. Die Einladung ergeht jeweils an die letzte dem Vorstand bekannte Anschrift des Mitgliedes. Jedes Mitglied hat das Recht, Erg\u00e4nzungen zur Tagesordnung vorzuschlagen.<\/li>\n\n\n\n<li>Die Mitgliederversammlung wird in der Regel von der Vorsitzenden\/dem Vorsitzenden geleitet.<\/li>\n\n\n\n<li>Die Mitgliederversammlung beschlie\u00dft \u00fcber alle den Verein betreffenden Angelegenheiten. Der Mitgliederversammlung sind die Jahresrechnung und der Jahresbericht schriftlich vorzulegen. Sie bestellt zwei Revisoren, die dem Vorstand nicht angeh\u00f6ren d\u00fcrfen. Sie pr\u00fcfen die Buchf\u00fchrung einschlie\u00dflich Jahresabschluss und berichten \u00fcber das Ergebnis auf der Mitgliederversammlung.<\/li>\n\n\n\n<li>Die Mitgliederversammlung entscheidet ferner u.a. \u00fcberrn\n<ul class=\"wp-block-list\">\n<li>den Haushaltsplan des Vereins<\/li>\n\n\n\n<li>die Beitragsordnung<\/li>\n\n\n\n<li>Aufgaben des Vereins<\/li>\n\n\n\n<li>An- und Verkauf sowie Belastung von Grundst\u00fccken<\/li>\n\n\n\n<li>Beteiligung an Gesellschaften<\/li>\n\n\n\n<li>Aufnahme von Darlehen \u00fcber 10.000 DM<\/li>\n\n\n\n<li>Satzungs\u00e4nderungen<\/li>\n<\/ul>\n<\/li>\n<\/ol>\n\n\n\n<h3 class=\"wp-block-heading\"><a><\/a>\u00a7 7 \u2013 Vorstand<\/h3>\n\n\n\n<ol class=\"wp-block-list\">\n<li>Der Vorstand besteht ausrn\n<ul class=\"wp-block-list\">\n<li>der Vorsitzenden\/dem Vorsitzenden<\/li>\n\n\n\n<li>der stellvertretenden Vorsitzenden\/dem stellvertretenden Vorsitzenden<\/li>\n\n\n\n<li>der Schriftf\u00fchrerin\/dem Schriftf\u00fchrer<\/li>\n\n\n\n<li>der Kassenwartin\/dem Kassenwart<\/li>\n\n\n\n<li>sowie mindestens bis zu drei weiteren Mitgliedern, die zur besonderen Verwendung f\u00fcr die laufenden Gesch\u00e4fte bereitstehen und vom Vorstand ihre Aufgaben zugewiesen erhalten.<\/li>\n<\/ul>\n<\/li>\n\n\n\n<li>Zu Vorstandsmitgliedern k\u00f6nnen nur Mitglieder des Vereins bestellt werden. Bei Ausscheiden eines Vorstandsmitgliedes kann der Vorstand bis zur n\u00e4chsten Mitgliederversammlung eine Vertreterin\/einen Vertreter bestellen.<\/li>\n\n\n\n<li>Der Vorstand wird von der Mitgliederversammlung auf zwei Jahre gew\u00e4hlt. Wiederwahl ist m\u00f6glich. Die jeweils amtierenden Vorstandsmitglieder bleiben solange im Amt, bis ihre Nachfolger gew\u00e4hlt sind und ihr Amt antreten k\u00f6nnen.<\/li>\n\n\n\n<li>Der Vorstand f\u00fchrt die Gesch\u00e4fte des Vereins. Er nimmt seine Gesch\u00e4fte ehrenamtlich wahr. Notwendige Ausgaben werden den Vorstandsmitgliedern erstattet.<\/li>\n\n\n\n<li>Laufende Gesch\u00e4fte des Vereins sollen durch einen Gesch\u00e4ftsf\u00fchrer abgewickelt werden, den der Vorstand bestimmt.<\/li>\n\n\n\n<li>Der Vorstand ist beschlussf\u00e4hig, wenn mehr als die H\u00e4lfte seiner Mitglieder anwesend ist. Er fasst seine Beschl\u00fcsse mit einfacher Mehrheit der anwesenden Mitglieder. Die Einladung zu einer Vorstandssitzung erfolgt in der Regel mindestens zwei Wochen vor der Sitzung. Vorstandsbeschl\u00fcsse k\u00f6nnen bei Eilbed\u00fcrftigkeit auch schriftlich oder fernm\u00fcndlich gefasst werden, wenn kein Vorstandsmitglied widerspricht. \u00dcber die Vorstandssitzung ist ein Protokoll zu f\u00fchren.<\/li>\n\n\n\n<li>Vorstand im Sinne des \u00a7 26 des BGB ist die Vorsitzende\/ der Vorsitzende und die stellvertretende Vorsitzende\/der stellvertretende Vorsitzende. Jeder von ihnen ist allein vertretungsberechtigt.<\/li>\n<\/ol>\n\n\n\n<h3 class=\"wp-block-heading\"><a><\/a>\u00a7 8 \u2013 Revisoren\/Revisorinnen<\/h3>\n\n\n\n<ol class=\"wp-block-list\">\n<li>Die Mitgliederversammlung w\u00e4hlt f\u00fcr zwei Jahre zwei Mitglieder des Vereins als Revisoren. Sie d\u00fcrfen weder dem Vorstand noch einem vom Vorstand berufenen Gremium angeh\u00f6ren. Wiederwahl ist zul\u00e4ssig.<\/li>\n\n\n\n<li>Die Revisoren sind jederzeit berechtigt, die Kassen- und Gesch\u00e4ftsf\u00fchrung zu pr\u00fcfen. Ihnen ist ausreichend Gelegenheit zu geben, die Kassenbelege einzusehen. \u00dcber die Kassenpr\u00fcfung ist ein Protokoll anzufertigen, das alle Beanstandungen enthalten muss und das der Mitgliederversammlung vorzulegen ist<\/li>\n\n\n\n<li>Die Revisoren beantragen die Entlastung des Vorstandes, nachdem der Kassenpr\u00fcfungsbericht der Mitgliederversammlung vorgelegt und diskutiert worden ist. Dies kann im Verhinderungsfall schriftlich geschehen.<\/li>\n<\/ol>\n\n\n\n<h3 class=\"wp-block-heading\"><a><\/a>\u00a7 9 \u2013 Aufl\u00f6sung<\/h3>\n\n\n\n<p>\u00dcber die Aufl\u00f6sung des Vereins beschlie\u00dft die Mitgliederversammlung mit Dreiviertelmehrheit der abgegebenen Stimmen. Die Mitgliederversammlung mu\u00df zu diesem Zweck eigens einberufen werden. Im Falle der Aufl\u00f6sung f\u00e4llt das Verm\u00f6gen des Vereins restlos an den Deutschen Parit\u00e4tischen Wohlfahrtsverband, Landesverband Schleswig-Holstein, Kiel, Beseler Allee 47, mit der Auflage, diese bei gegebenen Voraussetzungen f\u00fcr sehgesch\u00e4digte Kinder und Jugendliche zu verwenden.<\/p>\n\n\n\n<h3 class=\"wp-block-heading\"><a><\/a>\u00a7 10 \u2013 Inkrafttreten<\/h3>\n\n\n\n<p>Diese Satzung tritt mit Eintragung in das Vereinsregister in Kraft.<\/p>\n","protected":false},"excerpt":{"rendered":"<p>Anmerkung:&nbsp;Der Name \u201eStaatliche Schule f\u00fcr Sehgesch\u00e4digte\u201c (SFS) hat sich in \u201eLandesf\u00f6rderzentrum Sehen, Schleswig\u201c (LFS) ge\u00e4ndert. \u00a7 1 \u2013 Name, Sitz und Gesch\u00e4ftsjahr \u00a7 2 \u2013 Zweck und Aufgaben \u00a7 3 \u2013 Mittel \u00a7 4 \u2013 Mitgliedschaft \u00a7 5 \u2013 Organe des Vereins Organe des Vereins sind die Mitgliederversammlung und der Vorstand. \u00a7 6 \u2013 Mitgliederversammlung [&hellip;]<\/p>\n","protected":false},"author":1,"featured_media":0,"parent":0,"menu_order":0,"comment_status":"closed","ping_status":"closed","template":"","meta":{"footnotes":""},"class_list":["post-56","page","type-page","status-publish","hentry"],"_links":{"self":[{"href":"https:\/\/blind.private-factory.de\/index.php\/wp-json\/wp\/v2\/pages\/56","targetHints":{"allow":["GET"]}}],"collection":[{"href":"https:\/\/blind.private-factory.de\/index.php\/wp-json\/wp\/v2\/pages"}],"about":[{"href":"https:\/\/blind.private-factory.de\/index.php\/wp-json\/wp\/v2\/types\/page"}],"author":[{"embeddable":true,"href":"https:\/\/blind.private-factory.de\/index.php\/wp-json\/wp\/v2\/users\/1"}],"replies":[{"embeddable":true,"href":"https:\/\/blind.private-factory.de\/index.php\/wp-json\/wp\/v2\/comments?post=56"}],"version-history":[{"count":5,"href":"https:\/\/blind.private-factory.de\/index.php\/wp-json\/wp\/v2\/pages\/56\/revisions"}],"predecessor-version":[{"id":147,"href":"https:\/\/blind.private-factory.de\/index.php\/wp-json\/wp\/v2\/pages\/56\/revisions\/147"}],"wp:attachment":[{"href":"https:\/\/blind.private-factory.de\/index.php\/wp-json\/wp\/v2\/media?parent=56"}],"curies":[{"name":"wp","href":"https:\/\/api.w.org\/{rel}","templated":true}]}}