{"id":51,"date":"2026-01-20T19:01:47","date_gmt":"2026-01-20T19:01:47","guid":{"rendered":"https:\/\/blind.private-factory.de\/?page_id=51"},"modified":"2026-01-21T19:37:45","modified_gmt":"2026-01-21T19:37:45","slug":"aufgaben-und-ziele","status":"publish","type":"page","link":"https:\/\/blind.private-factory.de\/index.php\/aufgaben-und-ziele\/","title":{"rendered":"Aufgaben und Ziele des Vereins"},"content":{"rendered":"<h2 class=\"wp-block-post-title\">Aufgaben und Ziele des Vereins<\/h2>\n\n\n<div style=\"height:47px\" aria-hidden=\"true\" class=\"wp-block-spacer\"><\/div>\n\n\n\n<p>Der Verein hat sich zur Aufgabe gesetzt, die Bildung und soziale Eingliederung von Kindern und Jugendlichen mit Sehbehinderung und Blindheit sowie schulische und soziale Ma\u00dfnahmen, die diesem Ziel dienen, zu f\u00f6rdern.<\/p>\n\n\n\n<p>Dies hat von Beginn an zu einer engen Verzahnung des Vereins mit dem LFS gef\u00fchrt. Dabei konzentriert sich der Verein auf die Unterst\u00fctzung und Durchf\u00fchrung von Gruppen- und Einzelma\u00dfnahmen, die die physische, psychische, kognitive und soziale Entwicklung der Kinder und Jugendlichen f\u00f6rdern und deren Kosten nicht von anderen Tr\u00e4gern \u00fcbernommen werden.<\/p>\n\n\n\n<p>Abgeleitet aus den o.a. Kernzielen unterst\u00fctzt der Verein:<\/p>\n\n\n\n<ul class=\"wp-block-list\">\n<li>die F\u00f6rderung der selbst\u00e4ndigen Lebensf\u00fchrung der Kinder bereits im Rahmen der Fr\u00fchf\u00f6rderung bis zur Beendigung der Berufsausbildung<\/li>\n\n\n\n<li>die Unterst\u00fctzung einzelner Kinder und Jugendlicher bei individuellen Problemen<\/li>\n\n\n\n<li>die Einrichtung und Fortf\u00fchrung von Selbsthilfegruppen, z.B. im Rahmen von Eltern-Kind-Treffen, Elternkreisen und Ehemaligentreffen<\/li>\n\n\n\n<li>die Integration von Kindern und Jugendlichen in Schule, Berufsleben und Gesellschaft im Rahmen von Projekten<\/li>\n\n\n\n<li>die Ma\u00dfnahmen des LFS durch die finanzielle Unterst\u00fctzung bei der Hilfsmittelausstattung (PCs, Bildschirmleseger\u00e4te), Lehr- und Lernmittelausstattung, z.B. im Rahmen der Kursarbeit<\/li>\n\n\n\n<li>den Erhalt des Kurshauses in Schleswig zur Durchf\u00fchrung von Kursen, Seminaren, Workshops etc.<\/li>\n\n\n\n<li>die Aufkl\u00e4rung der \u00d6ffentlichkeit \u00fcber Belange von Menschen mit Sehsch\u00e4digungen.<\/li>\n<\/ul>\n","protected":false},"excerpt":{"rendered":"<p>Der Verein hat sich zur Aufgabe gesetzt, die Bildung und soziale Eingliederung von Kindern und Jugendlichen mit Sehbehinderung und Blindheit sowie schulische und soziale Ma\u00dfnahmen, die diesem Ziel dienen, zu f\u00f6rdern. Dies hat von Beginn an zu einer engen Verzahnung des Vereins mit dem LFS gef\u00fchrt. Dabei konzentriert sich der Verein auf die Unterst\u00fctzung und [&hellip;]<\/p>\n","protected":false},"author":1,"featured_media":0,"parent":0,"menu_order":0,"comment_status":"closed","ping_status":"closed","template":"","meta":{"footnotes":""},"class_list":["post-51","page","type-page","status-publish","hentry"],"_links":{"self":[{"href":"https:\/\/blind.private-factory.de\/index.php\/wp-json\/wp\/v2\/pages\/51","targetHints":{"allow":["GET"]}}],"collection":[{"href":"https:\/\/blind.private-factory.de\/index.php\/wp-json\/wp\/v2\/pages"}],"about":[{"href":"https:\/\/blind.private-factory.de\/index.php\/wp-json\/wp\/v2\/types\/page"}],"author":[{"embeddable":true,"href":"https:\/\/blind.private-factory.de\/index.php\/wp-json\/wp\/v2\/users\/1"}],"replies":[{"embeddable":true,"href":"https:\/\/blind.private-factory.de\/index.php\/wp-json\/wp\/v2\/comments?post=51"}],"version-history":[{"count":4,"href":"https:\/\/blind.private-factory.de\/index.php\/wp-json\/wp\/v2\/pages\/51\/revisions"}],"predecessor-version":[{"id":146,"href":"https:\/\/blind.private-factory.de\/index.php\/wp-json\/wp\/v2\/pages\/51\/revisions\/146"}],"wp:attachment":[{"href":"https:\/\/blind.private-factory.de\/index.php\/wp-json\/wp\/v2\/media?parent=51"}],"curies":[{"name":"wp","href":"https:\/\/api.w.org\/{rel}","templated":true}]}}