{"id":108,"date":"2026-01-21T18:35:32","date_gmt":"2026-01-21T18:35:32","guid":{"rendered":"https:\/\/blind.private-factory.de\/?page_id=108"},"modified":"2026-02-10T09:57:26","modified_gmt":"2026-02-10T09:57:26","slug":"impressum","status":"publish","type":"page","link":"https:\/\/blind.private-factory.de\/index.php\/impressum\/","title":{"rendered":"Impressum"},"content":{"rendered":"<h2 class=\"wp-block-post-title\">Impressum<\/h2>\n\n\n\n\n<p><p>\u00a0<\/p><br><p><strong>Angaben gem\u00e4\u00df \u00a7 5 Digitale-Dienste-Gesetz (DDG)<\/strong><\/p><p>Verein zur F\u00f6rderung sehgesch\u00e4digter Kinder und Jugendlicher in Schleswig-Holstein e.V.<br>Lutherstrasse 14<br>24837 Schleswig<br>Deutschland<br><br><strong>Vertreten durch<\/strong><\/p><p>Der Verein wird vertreten durch den Vorstand gem\u00e4\u00df \u00a7 26 BGB:<br>Marcus Hein, 1. Vorsitzender<br><br><strong>Registereintrag<\/strong><\/p><p>Eingetragen im Vereinsregister.<br>Registergericht: Amtsgericht Flensburg<br>Registernummer: VR 324 SL<br><br><strong>Kontakt<\/strong><\/p><p>E-Mail: info[at]sehgeschaedigte-sh.de<br><br><strong>Umsatzsteuer<\/strong><\/p><p>Es wird keine Umsatzsteuer-Identifikationsnummer gem\u00e4\u00df \u00a7 27a UStG verwendet.<br><br><strong>Verbraucherstreitbeilegung<\/strong><\/p><p>Der Verein ist weder bereit noch verpflichtet, an Streitbeilegungsverfahren vor einer Verbraucherschlichtungsstelle teilzunehmen.<br><br><strong>Haftung f\u00fcr Inhalte<\/strong><\/p><p>Als Diensteanbieter sind wir gem\u00e4\u00df \u00a7 7 Abs. 1 DDG f\u00fcr eigene Inhalte auf diesen Seiten nach den allgemeinen Gesetzen verantwortlich. Nach \u00a7\u00a7 8 bis 10 DDG sind wir als Diensteanbieter jedoch nicht verpflichtet, \u00fcbermittelte oder gespeicherte fremde Informationen zu \u00fcberwachen oder nach Umst\u00e4nden zu forschen, die auf eine rechtswidrige T\u00e4tigkeit hinweisen.<br><br><strong>Haftung f\u00fcr Links<\/strong><\/p><p>Unser Angebot enth\u00e4lt Links zu externen Websites Dritter, auf deren Inhalte wir keinen Einfluss haben. Deshalb k\u00f6nnen wir f\u00fcr diese fremden Inhalte auch keine Gew\u00e4hr \u00fcbernehmen.<br><br><strong>Urheberrecht<\/strong><\/p><p>Die durch die Seitenbetreiber erstellten Inhalte und Werke auf diesen Seiten unterliegen dem deutschen Urheberrecht.<\/p><\/p>\n","protected":false},"excerpt":{"rendered":"<p>\u00a0 Angaben gem\u00e4\u00df \u00a7 5 Digitale-Dienste-Gesetz (DDG) Verein zur F\u00f6rderung sehgesch\u00e4digter Kinder und Jugendlicher in Schleswig-Holstein e.V.Lutherstrasse 1424837 SchleswigDeutschland Vertreten durch Der Verein wird vertreten durch den Vorstand gem\u00e4\u00df \u00a7 26 BGB:Marcus Hein, 1. Vorsitzender Registereintrag Eingetragen im Vereinsregister.Registergericht: Amtsgericht FlensburgRegisternummer: VR 324 SL Kontakt E-Mail: info[at]sehgeschaedigte-sh.de Umsatzsteuer Es wird keine Umsatzsteuer-Identifikationsnummer gem\u00e4\u00df \u00a7 27a [&hellip;]<\/p>\n","protected":false},"author":1,"featured_media":0,"parent":0,"menu_order":0,"comment_status":"closed","ping_status":"closed","template":"","meta":{"footnotes":""},"class_list":["post-108","page","type-page","status-publish","hentry"],"_links":{"self":[{"href":"https:\/\/blind.private-factory.de\/index.php\/wp-json\/wp\/v2\/pages\/108","targetHints":{"allow":["GET"]}}],"collection":[{"href":"https:\/\/blind.private-factory.de\/index.php\/wp-json\/wp\/v2\/pages"}],"about":[{"href":"https:\/\/blind.private-factory.de\/index.php\/wp-json\/wp\/v2\/types\/page"}],"author":[{"embeddable":true,"href":"https:\/\/blind.private-factory.de\/index.php\/wp-json\/wp\/v2\/users\/1"}],"replies":[{"embeddable":true,"href":"https:\/\/blind.private-factory.de\/index.php\/wp-json\/wp\/v2\/comments?post=108"}],"version-history":[{"count":15,"href":"https:\/\/blind.private-factory.de\/index.php\/wp-json\/wp\/v2\/pages\/108\/revisions"}],"predecessor-version":[{"id":233,"href":"https:\/\/blind.private-factory.de\/index.php\/wp-json\/wp\/v2\/pages\/108\/revisions\/233"}],"wp:attachment":[{"href":"https:\/\/blind.private-factory.de\/index.php\/wp-json\/wp\/v2\/media?parent=108"}],"curies":[{"name":"wp","href":"https:\/\/api.w.org\/{rel}","templated":true}]}}